{"id":553,"date":"2022-08-12T08:52:15","date_gmt":"2022-08-12T08:52:15","guid":{"rendered":"https:\/\/befine-clubs.de\/?page_id=553"},"modified":"2024-02-23T13:56:18","modified_gmt":"2024-02-23T13:56:18","slug":"gendarmenmarkt-wellness","status":"publish","type":"page","link":"https:\/\/befine-clubs.de\/de\/befine-clubs-berlin\/gendarmenmarkt\/gendarmenmarkt-wellness\/","title":{"rendered":"Gendarmenmarkt Wellness"},"content":{"rendered":"<div id=\"cs-content\" class=\"cs-content\" >\n<div class=\"e553-1 x-section\" >\n    \n<div class=\"x-bg\" aria-hidden=\"true\" >\n  <div class=\"x-bg-layer-lower-image\" style=\" background-image: url(https:\/\/befine-clubs.de\/wp-content\/uploads\/2020\/09\/sport-2264825_1920.jpg); background-repeat: no-repeat; background-position: center; background-size: cover;\" ><\/div>  <\/div>\n    <\/div>\n\n<div class=\"e553-2 x-section\" >\n    \n<div class=\"x-bg\" aria-hidden=\"true\" >\n  <div class=\"x-bg-layer-lower-image\" style=\" background-image: url(); background-repeat: no-repeat; background-position: center; background-size: cover;\" ><\/div>  <\/div>\n  \n<div class=\"e553-3 x-row x-container max width\" >\n  <div class=\"x-row-inner\">\n    \n<div class=\"e553-4 x-col\" >\n    \n<div class=\"e553-5 x-text\" >\n  <p>Das befine Sports &amp; Spa im Herzen Berlins verbindet Tradition mit Moderne<br \/>und bietet Ihren Inspirationen freien Lauf. Durch Individualit&auml;t und die authentische<br \/>Atmosph&auml;re in unserem orientalischen befine Sports &amp; Spa erleben Sie<br \/>tiefe Entspannung und maximale Erholung.<br \/>Dank des Zusammenspiels nat&uuml;rlicher Essenzen und modernem Beauty Equipment,<br \/>wird Raum f&uuml;r Innovation und Luxus geschaffen.<br \/>Buchen Sie Ihre Auszeit telefonisch oder <a href=\"https:\/\/connect.shore.com\/bookings\/befine-sports-spa-gendarmenmarkt\/services\"><u>Online<\/u> <\/a>und lassen Sie sich verw&ouml;hnen.<\/p>\n<p><span style=\"background-color: transparent; font-family: inherit; font-size: 1em; letter-spacing: 0em;\">Tageseintritt: 35,00 EUR pro Person (ohne Handt&uuml;cher)<\/span><\/p>\n<p><span style=\"background-color: transparent; font-family: inherit; font-size: 1em; letter-spacing: 0em;\">Bei Buchung einer Anwendung ab 55 Minuten und f&uuml;r Hotelg&auml;ste ist der Tageseintritt in den befine Sports &amp; Spa kostenfrei.<\/span><\/p><\/div>\n<\/div>\n\n<div class=\"e553-6 x-col\" >\n    \n<span class=\"e553-7 x-image\" >\n  <img alt=\"Image\" src=\"https:\/\/befine-clubs.de\/wp-content\/uploads\/2022\/08\/home_4.jpg\" width=\"950\" height=\"628\" >\n<\/span>\n\n<span class=\"e553-8 x-image\" >\n  <img alt=\"Image\" src=\"https:\/\/befine-clubs.de\/wp-content\/uploads\/2022\/08\/home_3.jpg\" width=\"950\" height=\"880\" >\n<\/span>\n<\/div>\n  <\/div>\n  <\/div>\n  <\/div>\n\n<div class=\"e553-9 x-section\" >\n    \n<div class=\"x-bg\" aria-hidden=\"true\" >\n  <div class=\"x-bg-layer-lower-color\" style=\" background-color: rgb(241, 237, 234);\" ><\/div>  <\/div>\n  \n<div class=\"e553-10 x-row x-container max width\" >\n  <div class=\"x-row-inner\">\n    \n<div class=\"e553-11 x-col\" >\n    \n<div class=\"e553-12 x-acc\" role=\"tablist\" id=\"x-acc-e553-12\" >\n  \n<div class=\"e553-13 x-acc-item\" id=\"\" >\n  <button id=\"tab-e553-13\" class=\"x-acc-header\" role=\"tab\" type=\"button\" aria-selected=\"false\" aria-expanded=\"false\" aria-controls=\"panel-e553-13\" data-x-toggle=\"collapse\" data-x-toggleable=\"e553-13\" >\n    <span class=\"x-acc-header-content\">\n      <span class=\"x-acc-header-indicator\">&#x25b8;<\/span>      <span class=\"x-acc-header-text\">Classic Massage<\/span>\n    <\/span>\n  <\/button>\n  <div id=\"panel-e553-13\" role=\"tabpanel\" aria-hidden=\"true\" aria-labelledby=\"tab-e553-13\" data-x-toggleable=\"e553-13\" data-x-toggle-collapse=\"1\" class=\"x-collapsed\" >\n    <div class=\"x-acc-content\">\n      <p><b>Classic 25<\/b><br \/><br \/>Der Klassiker unter den Massagen l&ouml;st Verspannungen und Blockaden (Teilk&ouml;rpermassage)<br \/><br \/><b>25min 60&euro;<\/b><br \/><br \/>---<br \/><br \/><b>Classic 55<\/b><br \/><br \/>Der Klassiker unter den Massagen l&ouml;st Verspannungen und Blockaden (Teilk&ouml;rpermassage)<br \/><br \/><b>55min 120&euro;<\/b><br \/><br \/>---<br \/><br \/><b>Classic 80<\/b><br \/><br \/><br \/>Der Klassiker unter den Massagen l&ouml;st Verspannungen und Blockaden (Teilk&ouml;rpermassage)<br \/><br \/><b>80min 145&euro;<\/b><br \/><br \/><\/p>    <\/div>\n  <\/div>\n<\/div>\n\n<div class=\"e553-14 x-acc-item\" id=\"\" >\n  <button id=\"tab-e553-14\" class=\"x-acc-header\" role=\"tab\" type=\"button\" aria-selected=\"false\" aria-expanded=\"false\" aria-controls=\"panel-e553-14\" data-x-toggle=\"collapse\" data-x-toggleable=\"e553-14\" >\n    <span class=\"x-acc-header-content\">\n      <span class=\"x-acc-header-indicator\">&#x25b8;<\/span>      <span class=\"x-acc-header-text\">Deep Tissue <\/span>\n    <\/span>\n  <\/button>\n  <div id=\"panel-e553-14\" role=\"tabpanel\" aria-hidden=\"true\" aria-labelledby=\"tab-e553-14\" data-x-toggleable=\"e553-14\" data-x-toggle-collapse=\"1\" class=\"x-collapsed\" >\n    <div class=\"x-acc-content\">\n      <p><b>Deep Tissue 40<\/b><br \/><br \/>Eine Gewebemassage, die in den tieferen Schichten der Muskulatur wirkt. Auch ideal nach ihrer Fitnesseinheit. (Teilk&ouml;rpermassage)<br \/><br \/><b>40min 100&euro;<\/b><br \/>---<br \/><br \/><b>Deep Tissue 50<\/b><br \/><br \/>Eine Gewebemassage, die in den tieferen Schichten der Muskulatur wirkt. Auch ideal nach ihrer Fitnesseinheit. (Teilk&ouml;rpermassage)<br \/><br \/><b>50min 130&euro;<\/b><br \/>---<br \/><br \/><b>Deep Tissue 80<\/b><br \/><br \/><br \/>Eine Gewebemassage, die in den tieferen Schichten der Muskulatur wirkt. Auch ideal nach ihrer Fitnesseinheit. (Teilk&ouml;rpermassage)<br \/><br \/><b>80min 160&euro;<\/b><\/p>    <\/div>\n  <\/div>\n<\/div>\n\n<div class=\"e553-15 x-acc-item\" id=\"\" >\n  <button id=\"tab-e553-15\" class=\"x-acc-header\" role=\"tab\" type=\"button\" aria-selected=\"false\" aria-expanded=\"false\" aria-controls=\"panel-e553-15\" data-x-toggle=\"collapse\" data-x-toggleable=\"e553-15\" >\n    <span class=\"x-acc-header-content\">\n      <span class=\"x-acc-header-indicator\">&#x25b8;<\/span>      <span class=\"x-acc-header-text\">Sports Massage<\/span>\n    <\/span>\n  <\/button>\n  <div id=\"panel-e553-15\" role=\"tabpanel\" aria-hidden=\"true\" aria-labelledby=\"tab-e553-15\" data-x-toggleable=\"e553-15\" data-x-toggle-collapse=\"1\" class=\"x-collapsed\" >\n    <div class=\"x-acc-content\">\n      <p><b>Healthy Legs by SOTHYS<\/b><br \/><br \/>Ultimative Behandlung mit Ultra-frische-kick und 3 Wirkstoff-Formel die die Beine entlastet. Mit einer energetischen Druckpunktmassage zur Unterst&uuml;tzung des Gewebes.<br \/><br \/>---<br \/><br \/><b>Classic Sports Massage SOTHYS<\/b><br \/><br \/>Beugen Sie nach ihrem Training Muskelkater vor durch eine intensive Waden\/Oberschenkel oder Arm\/Nacken Massage.<br \/><br \/>---<br \/><br \/><b>Foot Reflexology Massage<\/b><br \/><br \/>Nach einem individuellen Fu&szlig;wickel wird durch gezielten Druck der Reflexzonen am Fu&szlig; werden bestimmte Bereiche des K&ouml;rpers stimuliert und Beschwerden abgebaut.<br \/><br \/>---<br \/><br \/><b>Hot Stone Massage<\/b><br \/><br \/>Nach einem individuellen Fu&szlig;wickel wird durch gezielten Druck der Reflexzonen am Fu&szlig; werden bestimmte Bereiche des K&ouml;rpers stimuliert und Beschwerden abgebaut.<br \/><br \/>---<br \/><br \/><b>Lomi Lomi Massage<\/b><br \/><br \/>Lomi Lomi Nui ist eine traditionelle hawaiianische Massage mit einem spirituellen Hintergrund. Es ist eine pure Entspannung bei der auch das L&ouml;sen von seelischen Verspannungen eine Rolle spielt. Stress und alte Gedankenmuster, die im Ged&auml;chtnis gespeichert sind, sollen bei der Lomi Lomi Nui mit aufgel&ouml;st werden.<br \/><br \/>---<br \/><br \/><b>Aroma Oil Massage<\/b><br \/><br \/>Ein wohltuendes, duftendes Massageerlebnis schenkt ihnen eine geschmeidige, zart parf&uuml;mierte Haut und ein unvergleichliches Wellness-Empfinden und individuelle Wirkung auf Ihr Wohlbefinden.<br \/><br \/>---<\/p>    <\/div>\n  <\/div>\n<\/div>\n\n<div class=\"e553-16 x-acc-item\" id=\"\" >\n  <button id=\"tab-e553-16\" class=\"x-acc-header\" role=\"tab\" type=\"button\" aria-selected=\"false\" aria-expanded=\"false\" aria-controls=\"panel-e553-16\" data-x-toggle=\"collapse\" data-x-toggleable=\"e553-16\" >\n    <span class=\"x-acc-header-content\">\n      <span class=\"x-acc-header-indicator\">&#x25b8;<\/span>      <span class=\"x-acc-header-text\">Special Treatments<\/span>\n    <\/span>\n  <\/button>\n  <div id=\"panel-e553-16\" role=\"tabpanel\" aria-hidden=\"true\" aria-labelledby=\"tab-e553-16\" data-x-toggleable=\"e553-16\" data-x-toggle-collapse=\"1\" class=\"x-collapsed\" >\n    <div class=\"x-acc-content\">\n      <p><b>Bussiness<\/b><br \/><br \/>Ob nach einem langen Tag voller Termine oder f&uuml;r eine kurze Mittagspause, buchen Sie Ihre eigene kurze Auszeit vom Arbeitsalltag und g&ouml;nnen sich ihre individuellen 25min nur f&uuml;r sich. Beispielsweise Individuelle Massage inclusive. Frischemaske? Das BefineTeam ber&auml;t Sie gern.<br \/><br \/>---<br \/><br \/><b>Couple Massage<\/b><br \/><br \/>Genie&szlig;en Sie eine 55-min&uuml;tige Massage mit Ihrem Herzmenschen in einer Kabine 120&euro;pro Person mit anschlie&szlig;endem Aufenthalt zum relaxen und wohlf&uuml;hlen in unserem Einzigartigen Hamam. Zudem laden wir Sie ein nach Ihrer Anwendung gemeinsam Zeit in unserem Spa zu verbringen<br \/><br \/>---<br \/><br \/><b>Signature 40<\/b><br \/><br \/>Eine auf Ihre Bed&uuml;rfnisse individuell abgestimmte Massage mit verschiedenen Massagetechniken aus dem Erfahrungsschatz unserer Therapeuten. (Teilk&ouml;rpermassage)<br \/><br \/>---<br \/><b>Signature 50\/80<\/b><br \/><br \/>Eine auf Ihre Bed&uuml;rfnisse individuell abgestimmte Massage mit verschiedenen Massagetechniken aus dem Erfahrungsschatz unserer Therapeuten. (Ganzk&ouml;rpermassage)<br \/><br \/>---<br \/><b>Pregnacy Massage<\/b><br \/><br \/>Classic Massage speziell auf die Bed&uuml;rfnisse einer Schwangeren abgestimmt. Bitte sprechen Sie vor der Buchung mit Ihrem Arzt und ber&uuml;cksichtigen Sie, das Wir Sie aus Therapeutischen Gr&uuml;nden erst ab der 13. Schwangerschaftswoche massieren d&uuml;rfen.<br \/><br \/>---<br \/><br \/><b>Sensations Orientals by SOTHYS<\/b><br \/><br \/>Erleben Sie diese K&ouml;rperbehandlung mit den warmen Orientalischen D&uuml;ften Berstein&ouml;l und Myrrhe. Genie&szlig;en Sie diese unvergleichliche Peeling Methode aus eigener Massagetechnik und Anwendungen mit warmen Handt&uuml;chern in der Kabine.<br \/><br \/>---<br \/><br \/><b>Sea Salt Scrub Wellness Massage<\/b><br \/><br \/>Ganzk&ouml;rperpeeling ca.20min mit anschlie&szlig;ender Relax Massage ca.30min. Mit anschlie&szlig;ender Entspannungszeit in unserem wohlig, warmen Hamam.<br \/><br \/>---<\/p>    <\/div>\n  <\/div>\n<\/div>\n\n<div class=\"e553-17 x-acc-item\" id=\"\" >\n  <button id=\"tab-e553-17\" class=\"x-acc-header\" role=\"tab\" type=\"button\" aria-selected=\"false\" aria-expanded=\"false\" aria-controls=\"panel-e553-17\" data-x-toggle=\"collapse\" data-x-toggleable=\"e553-17\" >\n    <span class=\"x-acc-header-content\">\n      <span class=\"x-acc-header-indicator\">&#x25b8;<\/span>      <span class=\"x-acc-header-text\">Facials<\/span>\n    <\/span>\n  <\/button>\n  <div id=\"panel-e553-17\" role=\"tabpanel\" aria-hidden=\"true\" aria-labelledby=\"tab-e553-17\" data-x-toggleable=\"e553-17\" data-x-toggle-collapse=\"1\" class=\"x-collapsed\" >\n    <div class=\"x-acc-content\">\n      <p><b>Business by SOTHYS<\/b>\n<br>\nExpressbehandlung mit frischem Duft, um die Haut zu beleben und ihr einen sofortigen Ausstrahlungskick zu verleihen. Die neue, zertifizierte BIO-Gesichtsbehandlung SOTHYS Organics vereint Genuss und Wirksamkeit. Erleben Sie die Harmonie der Natur und genie\u00dfen Sie bei einzigartigen Musikkl\u00e4ngen Momente der Tiefenentspannung mit einer Gesichts-und Kopfhautmassage.  <\/b>\n<br>\nExpress treatment with fresh fragrance to revitalize the skin and give it an instant radiance boost. The new certified BIO facial SOTHYS Organics combines pleasure and effectiveness. Experience the harmony of nature and enjoy moments of deep relaxation with a face and scalp massage while listening to unique music sounds.\n<br>\n---\n<br>\n<b>Basic Facial by SOTHYS<\/b>\n<br>\nPeeling, Tiefenreinigung, Gesichtsmassage, Maske und Tagescreme-dem Hauttyp entsprechend. Zudem laden wir Sie ein nach Ihrer Anwendung die wohlige, warme Ruhe des befine Spa zu genie\u00dfen.<\/b>\n<br>\nPeeling, deep cleansing, facial massage, mask and day cream - according to your skin type. In addition, after your treatment, we invite you to enjoy the pleasant, warm tranquility of befine Spa.\n<br>\n---\n<br>\n<b>Facial for Men by SOTHYS<\/b>\n<br>\nPflege pur, Power totale f\u00fcr M\u00e4nnerhaut. Perfekt f\u00fcr die Widerstandskraft der Haut und f\u00fcr energiegeladene Ausstrahlung. Zudem laden wir Sie ein nach Ihrer Anwendung die wohlige, warme Ruhe des befine Spa zu genie\u00dfen. <\/b>\n<br>\nPure care, power total for men's skin. Perfect for the resistance of the skin and for energetic radiance. In addition, after your treatment, we invite you to enjoy the pleasant, warm tranquility of befine Spa.\n<br>\n---\n<br>\n<b>Organics by SOTHYS<\/b>\n<br>\nBehandlung mit frischem Duft, um die Haut zu beleben und ihr einen sofortigen Ausstrahlungskick zu verleihen. Die neue, zertifizierte BIO-Gesichtsbehandlung SOTHYS Organics vereint Genuss und Wirksamkeit. Erleben Sie die Harmonie der Natur und genie\u00dfen Sie bei einzigartigen Musikkl\u00e4ngen Momente der Tiefenentspannung mit einer Gesichts-und Kopfhautmassage. Zudem laden wir Sie ein nach Ihrer Anwendung die wohlige, warme Ruhe des befine Spa zu genie\u00dfen. <\/b>\n<br>\nTreatment with fresh fragrance to revitalize the skin and give it an instant radiance boost. The new certified BIO facial SOTHYS Organics combines pleasure and effectiveness. Experience the harmony of nature and enjoy moments of deep relaxation with a face and scalp massage while listening to unique music sounds. In addition, after your treatment, we invite you to enjoy the comforting, warm tranquility of befine Spa.\n<br>\n---\n<br>\n<b>Detox Energy Intensive by SOTHYS<\/b>\n<br>\nDie Haut hat ein Energie Kapital, das lebenslang Quelle f\u00fcr Ihre gesunde Ausstrahlung ist. Unsere Detox-Energie Intensivbehandlung mit Wirkstoffwundern wie sibirischem Ginseng, BIO Holunder und Peptiden zeigt, wie Sie mit innovativen Pflegephasen und unseren energetischen Spezial Griffen die frische und gesunde Strahlkraft der Haut wiederherstellen. So ist sie besser gesch\u00fctzt vor sch\u00e4dlichen \nUmweltbelastungen.<\/b>\n<br>\nThe skin has an energy capital that is a lifelong source for your healthy radiance. Our Detox-Energy Intensive Treatment with active ingredient miracles such as Siberian ginseng, BIO elderberry and peptides shows you how to restore the skin's fresh and healthy radiance with innovative care phases and our energetic special grips. Thus, it is better protected against harmful environmental stresses.\n<br>\n---\n<br>\n<b>Personal Training <\/b>\n<br>\nSie ben\u00f6tigen eine Pers\u00f6nliche Beratung f\u00fcr Ihr Training? Buchen Sie vor Ihrem Besuch im befine eine Stunde pers\u00f6nliche Beratung mit unserer Trainerin. Ihre Gesundheit wird es Ihnen danken. \nZudem laden wir Sie ein nach Ihrem Workout in unserem Spa zu  Entspannen. <\/b>\n<br>\nYou need a personal consultation for your training? Book an hour of personal consultation with our trainer before your visit to befine. Your health will thank you. \nWe also invite you to relax in our spa after your workout.\n\n<br>\n---\n<br>    <\/div>\n  <\/div>\n<\/div>\n\n<div class=\"e553-18 x-acc-item\" id=\"\" >\n  <button id=\"tab-e553-18\" class=\"x-acc-header\" role=\"tab\" type=\"button\" aria-selected=\"false\" aria-expanded=\"false\" aria-controls=\"panel-e553-18\" data-x-toggle=\"collapse\" data-x-toggleable=\"e553-18\" >\n    <span class=\"x-acc-header-content\">\n      <span class=\"x-acc-header-indicator\">&#x25b8;<\/span>      <span class=\"x-acc-header-text\">Hamam Treatments<\/span>\n    <\/span>\n  <\/button>\n  <div id=\"panel-e553-18\" role=\"tabpanel\" aria-hidden=\"true\" aria-labelledby=\"tab-e553-18\" data-x-toggleable=\"e553-18\" data-x-toggle-collapse=\"1\" class=\"x-collapsed\" >\n    <div class=\"x-acc-content\">\n      <p><b>Sulthan Bath<\/b><br \/><br \/>Ein traditionelles Ritual, bestehend aus einem Peeling mit einem Seidenhandschuh und einer Schaumwaschung von unserem Hamam Meister. Incl. Orientalischen Tee<br \/><br \/><b>25min 90&euro;<\/b><br \/>---<br \/><br \/><b>Sherazat<\/b><br \/><br \/>Unsere intensive Hamambehandlung, ist nicht nur eine K&ouml;rperreinigung, sondern auch ein aktives Erlebnis f&uuml;r die Sinne. W&auml;rme, D&uuml;fte und Ber&uuml;hrungen ergeben ein Gesamtpaket des Wohlbefindens. Zu Beginn erfahren Sie ein Peeling mit einem originalen Seidenhandschuh, daraufhin folgt die traditionelle Schaummassage mit einer wohltuenden Haarwaschung.<br \/><br \/><b>50min 145&euro;<\/b><br \/><br \/>---<br \/><br \/><b>Oriental by befine<\/b><br \/><br \/>Das Oriental beeinhaltet ein Peeling mit dem Seidenhandschuh und einem sanften Schaumwaschen im warmen Hamam, anschlie&szlig;end entspannen Sie bei einer revitalisierenden Aroma&ouml;lmassage und verweilen danach bei einem orientalischen Tee und sanften Kl&auml;ngen im Entspannungsbereich<br \/><br \/><b>85min 180&euro;<\/b><br \/><br \/>---<br \/><br \/><b>Oriental befine Exclusive by SOTHYS<\/b><br \/><br \/>Orientalische Kombination aus einzigartigen D&uuml;ften Bernstein&ouml;l und Myrrhe angewendet im Hamam und anschlie&szlig;ender Aromamassage in der Kabine. Im Anschluss genie&szlig;en Sie Tee in unserem Relax-Bereich bei sanften Kl&auml;ngen und erfahren ein duftig, zartes Hautgef&uuml;hl sondergleichen.<br \/><br \/><b>85min 190&euro;<\/b><br \/><br \/>---<br \/><br \/><\/p>    <\/div>\n  <\/div>\n<\/div>\n<\/div>\n<\/div>\n  <\/div>\n  <\/div>\n  <\/div>\n<\/div>\n","protected":false},"excerpt":{"rendered":"","protected":false},"author":3,"featured_media":0,"parent":545,"menu_order":0,"comment_status":"closed","ping_status":"closed","template":"template-blank-4.php","meta":{"ngg_post_thumbnail":0},"aioseo_notices":[],"_links":{"self":[{"href":"https:\/\/befine-clubs.de\/de\/wp-json\/wp\/v2\/pages\/553"}],"collection":[{"href":"https:\/\/befine-clubs.de\/de\/wp-json\/wp\/v2\/pages"}],"about":[{"href":"https:\/\/befine-clubs.de\/de\/wp-json\/wp\/v2\/types\/page"}],"author":[{"embeddable":true,"href":"https:\/\/befine-clubs.de\/de\/wp-json\/wp\/v2\/users\/3"}],"replies":[{"embeddable":true,"href":"https:\/\/befine-clubs.de\/de\/wp-json\/wp\/v2\/comments?post=553"}],"version-history":[{"count":8,"href":"https:\/\/befine-clubs.de\/de\/wp-json\/wp\/v2\/pages\/553\/revisions"}],"predecessor-version":[{"id":621,"href":"https:\/\/befine-clubs.de\/de\/wp-json\/wp\/v2\/pages\/553\/revisions\/621"}],"up":[{"embeddable":true,"href":"https:\/\/befine-clubs.de\/de\/wp-json\/wp\/v2\/pages\/545"}],"wp:attachment":[{"href":"https:\/\/befine-clubs.de\/de\/wp-json\/wp\/v2\/media?parent=553"}],"curies":[{"name":"wp","href":"https:\/\/api.w.org\/{rel}","templated":true}]}}